{"id":537,"date":"2022-10-12T08:38:54","date_gmt":"2022-10-12T06:38:54","guid":{"rendered":"https:\/\/bikkemaastricht.nl\/?page_id=537"},"modified":"2022-10-12T09:06:29","modified_gmt":"2022-10-12T07:06:29","slug":"a-propos-de-bikke","status":"publish","type":"page","link":"https:\/\/bikkemaastricht.nl\/fr\/over-bikke\/","title":{"rendered":"BIKKE"},"content":{"rendered":"<div data-elementor-type=\"wp-page\" data-elementor-id=\"537\" class=\"elementor elementor-537\" data-elementor-post-type=\"page\">\n\t\t\t\t<div class=\"elementor-element elementor-element-e2b4164 e-con-full e-flex e-con e-parent\" data-id=\"e2b4164\" data-element_type=\"container\" data-e-type=\"container\" data-settings=\"{&quot;jet_parallax_layout_list&quot;:[],&quot;background_background&quot;:&quot;classic&quot;}\">\n\t\t\t\t<div class=\"elementor-element elementor-element-5ec878c de_scroll_translateX_distance_100 elementor-invisible elementor-widget elementor-widget-heading\" data-id=\"5ec878c\" data-element_type=\"widget\" data-e-type=\"widget\" data-settings=\"{&quot;_animation&quot;:&quot;fadeInLeft&quot;}\" data-widget_type=\"heading.default\">\n\t\t\t\t<div class=\"elementor-widget-container\">\n\t\t\t\t\t<h1 class=\"elementor-heading-title elementor-size-default\">V\u00c9LO<\/h1>\t\t\t\t<\/div>\n\t\t\t\t<\/div>\n\t\t\t\t<\/div>\n\t\t<div class=\"elementor-element elementor-element-3051cf9 e-flex e-con-boxed e-con e-parent\" data-id=\"3051cf9\" data-element_type=\"container\" data-e-type=\"container\" data-settings=\"{&quot;jet_parallax_layout_list&quot;:[]}\">\n\t\t\t\t\t<div class=\"e-con-inner\">\n\t\t<div class=\"elementor-element elementor-element-62fbf23 e-con-full e-flex e-con e-parent\" data-id=\"62fbf23\" data-element_type=\"container\" data-e-type=\"container\" data-settings=\"{&quot;jet_parallax_layout_list&quot;:[]}\">\n\t\t\t\t<div class=\"elementor-element elementor-element-a1d61de elementor-widget__width-initial de_scroll_animation_no elementor-invisible elementor-widget elementor-widget-heading\" data-id=\"a1d61de\" data-element_type=\"widget\" data-e-type=\"widget\" data-settings=\"{&quot;_animation&quot;:&quot;fadeInUp&quot;}\" data-widget_type=\"heading.default\">\n\t\t\t\t<div class=\"elementor-widget-container\">\n\t\t\t\t\t<h6 class=\"elementor-heading-title elementor-size-default\">Restobar<\/h6>\t\t\t\t<\/div>\n\t\t\t\t<\/div>\n\t\t\t\t<div class=\"elementor-element elementor-element-b7d158e de_scroll_animation_no elementor-invisible elementor-widget elementor-widget-heading\" data-id=\"b7d158e\" data-element_type=\"widget\" data-e-type=\"widget\" data-settings=\"{&quot;_animation&quot;:&quot;fadeInUp&quot;}\" data-widget_type=\"heading.default\">\n\t\t\t\t<div class=\"elementor-widget-container\">\n\t\t\t\t\t<h2 class=\"elementor-heading-title elementor-size-default\">BIKKE<\/h2>\t\t\t\t<\/div>\n\t\t\t\t<\/div>\n\t\t\t\t<div class=\"elementor-element elementor-element-642872e de_scroll_animation_no elementor-invisible elementor-widget elementor-widget-text-editor\" data-id=\"642872e\" data-element_type=\"widget\" data-e-type=\"widget\" data-settings=\"{&quot;_animation&quot;:&quot;fadeInUp&quot;}\" data-widget_type=\"text-editor.default\">\n\t\t\t\t<div class=\"elementor-widget-container\">\n\t\t\t\t\t\t\t\t\t<p class=\"translation-block\">Nourriture scandinave ? BIKKE ! BIKKE est un restobar scandinave situ\u00e9 dans le quartier le plus agr\u00e9able de Maastricht, Wyck. Vous nous trouverez au bout de la Rechtstraat, \u00e0 l'intersection de la Hoogbrugstraat et de la Ruiterij. Nous sommes situ\u00e9s dans un magnifique b\u00e2timent du XVIIe si\u00e8cle et avons ouvert nos portes le 1er avril 2022.<br><br>Notre passion pour le design scandinave, le style de vie et la cuisine scandinave se rejoignent ici. Inspir\u00e9s par des villes culinaires et branch\u00e9es comme Stockholm et Copenhague, nous apportons un morceau de Scandinavie \u00e0 Maastricht.<\/p>\t\t\t\t\t\t\t\t<\/div>\n\t\t\t\t<\/div>\n\t\t\t\t<div class=\"elementor-element elementor-element-7ddc177 elementor-align-left elementor-mobile-align-left de_scroll_animation_no elementor-invisible elementor-widget elementor-widget-button\" data-id=\"7ddc177\" data-element_type=\"widget\" data-e-type=\"widget\" data-settings=\"{&quot;_animation&quot;:&quot;fadeInUp&quot;}\" data-widget_type=\"button.default\">\n\t\t\t\t<div class=\"elementor-widget-container\">\n\t\t\t\t\t\t\t\t\t<div class=\"elementor-button-wrapper\">\n\t\t\t\t\t<a class=\"elementor-button elementor-button-link elementor-size-sm\" href=\"https:\/\/bikkemaastricht.nl\/fr\/menu\/\">\n\t\t\t\t\t\t<span class=\"elementor-button-content-wrapper\">\n\t\t\t\t\t\t\t\t\t<span class=\"elementor-button-text\">menu<\/span>\n\t\t\t\t\t<\/span>\n\t\t\t\t\t<\/a>\n\t\t\t\t<\/div>\n\t\t\t\t\t\t\t\t<\/div>\n\t\t\t\t<\/div>\n\t\t\t\t<\/div>\n\t\t<div class=\"elementor-element elementor-element-a44527d e-con-full elementor-hidden-mobile e-flex e-con e-parent\" data-id=\"a44527d\" data-element_type=\"container\" data-e-type=\"container\" data-settings=\"{&quot;jet_parallax_layout_list&quot;:[]}\">\n\t\t\t\t<div class=\"elementor-element elementor-element-49943e5 de_scroll_animation_no elementor-invisible elementor-widget elementor-widget-image\" data-id=\"49943e5\" data-element_type=\"widget\" data-e-type=\"widget\" data-settings=\"{&quot;_animation&quot;:&quot;fadeInUp&quot;}\" data-widget_type=\"image.default\">\n\t\t\t\t<div class=\"elementor-widget-container\">\n\t\t\t\t\t\t\t\t\t\t\t\t\t\t\t<img fetchpriority=\"high\" decoding=\"async\" width=\"1200\" height=\"1567\" src=\"https:\/\/bikkemaastricht.nl\/wp-content\/uploads\/2022\/10\/over-bikke-1.jpg\" class=\"attachment-full size-full wp-image-543\" alt=\"BIKKE, restaurant scandinave \u00e0 Maastricht\" srcset=\"https:\/\/bikkemaastricht.nl\/wp-content\/uploads\/2022\/10\/over-bikke-1.jpg 1200w, https:\/\/bikkemaastricht.nl\/wp-content\/uploads\/2022\/10\/over-bikke-1-230x300.jpg 230w, https:\/\/bikkemaastricht.nl\/wp-content\/uploads\/2022\/10\/over-bikke-1-784x1024.jpg 784w, https:\/\/bikkemaastricht.nl\/wp-content\/uploads\/2022\/10\/over-bikke-1-768x1003.jpg 768w, https:\/\/bikkemaastricht.nl\/wp-content\/uploads\/2022\/10\/over-bikke-1-1176x1536.jpg 1176w\" sizes=\"(max-width: 1200px) 100vw, 1200px\" \/>\t\t\t\t\t\t\t\t\t\t\t\t\t\t\t<\/div>\n\t\t\t\t<\/div>\n\t\t\t\t<\/div>\n\t\t\t\t\t<\/div>\n\t\t\t\t<\/div>\n\t\t<div class=\"elementor-element elementor-element-dd77e29 e-flex e-con-boxed e-con e-parent\" data-id=\"dd77e29\" data-element_type=\"container\" data-e-type=\"container\" data-settings=\"{&quot;jet_parallax_layout_list&quot;:[]}\">\n\t\t\t\t\t<div class=\"e-con-inner\">\n\t\t<div class=\"elementor-element elementor-element-cc3a102 e-con-full e-flex e-con e-parent\" data-id=\"cc3a102\" data-element_type=\"container\" data-e-type=\"container\" data-settings=\"{&quot;jet_parallax_layout_list&quot;:[]}\">\n\t\t\t\t<div class=\"elementor-element elementor-element-7097530 de_scroll_animation_no elementor-invisible elementor-widget elementor-widget-image\" data-id=\"7097530\" data-element_type=\"widget\" data-e-type=\"widget\" data-settings=\"{&quot;_animation&quot;:&quot;fadeInUp&quot;}\" data-widget_type=\"image.default\">\n\t\t\t\t<div class=\"elementor-widget-container\">\n\t\t\t\t\t\t\t\t\t\t\t\t\t\t\t<img decoding=\"async\" width=\"1200\" height=\"1567\" src=\"https:\/\/bikkemaastricht.nl\/wp-content\/uploads\/2022\/10\/over-bikke-4.jpg\" class=\"attachment-full size-full wp-image-564\" alt=\"BIKKE, restaurant scandinave \u00e0 Maastricht\" srcset=\"https:\/\/bikkemaastricht.nl\/wp-content\/uploads\/2022\/10\/over-bikke-4.jpg 1200w, https:\/\/bikkemaastricht.nl\/wp-content\/uploads\/2022\/10\/over-bikke-4-230x300.jpg 230w, https:\/\/bikkemaastricht.nl\/wp-content\/uploads\/2022\/10\/over-bikke-4-784x1024.jpg 784w, https:\/\/bikkemaastricht.nl\/wp-content\/uploads\/2022\/10\/over-bikke-4-768x1003.jpg 768w, https:\/\/bikkemaastricht.nl\/wp-content\/uploads\/2022\/10\/over-bikke-4-1176x1536.jpg 1176w\" sizes=\"(max-width: 1200px) 100vw, 1200px\" \/>\t\t\t\t\t\t\t\t\t\t\t\t\t\t\t<\/div>\n\t\t\t\t<\/div>\n\t\t<div class=\"elementor-element elementor-element-4fef320 e-con-full e-flex e-con e-parent\" data-id=\"4fef320\" data-element_type=\"container\" data-e-type=\"container\" data-settings=\"{&quot;jet_parallax_layout_list&quot;:[]}\">\n\t\t\t\t<div class=\"elementor-element elementor-element-10fa305 de_scroll_animation_no elementor-invisible elementor-widget elementor-widget-heading\" data-id=\"10fa305\" data-element_type=\"widget\" data-e-type=\"widget\" data-settings=\"{&quot;_animation&quot;:&quot;fadeInUp&quot;}\" data-widget_type=\"heading.default\">\n\t\t\t\t<div class=\"elementor-widget-container\">\n\t\t\t\t\t<h2 class=\"elementor-heading-title elementor-size-default\">Petit-d\u00e9jeuner, d\u00e9jeuner et d\u00eener<\/h2>\t\t\t\t<\/div>\n\t\t\t\t<\/div>\n\t\t\t\t<div class=\"elementor-element elementor-element-b402831 de_scroll_animation_no elementor-invisible elementor-widget elementor-widget-text-editor\" data-id=\"b402831\" data-element_type=\"widget\" data-e-type=\"widget\" data-settings=\"{&quot;_animation&quot;:&quot;fadeInUp&quot;}\" data-widget_type=\"text-editor.default\">\n\t\t\t\t<div class=\"elementor-widget-container\">\n\t\t\t\t\t\t\t\t\t<p class=\"translation-block\">Au BIKKE, vous \u00eates le bienvenu pour le petit-d\u00e9jeuner et le d\u00e9jeuner pendant la journ\u00e9e. Nous servons les classiques les plus savoureux de Scandinavie, comme le sm\u00f8rrebr\u00f8d, les boulettes de viande su\u00e9doises, les \u0153ufs norv\u00e9giens ou l'un des d\u00e9licieux rouleaux \u00e0 la cannelle.<br><br>Le soir, nous vous emmenons dans la nouvelle cuisine nordique. De d\u00e9licieux plats \u00e0 base d'ingr\u00e9dients savoureux, frais et locaux. Nous nous inspirons de ce que la saison nous offre. Nous recherchons constamment l'\u00e9quilibre entre simplicit\u00e9 et sophistication dans l'assiette. Les ingr\u00e9dients sont pr\u00e9sent\u00e9s de la mani\u00e8re la plus pure possible, de sorte que le produit reste reconnaissable et que la saveur parle d'elle-m\u00eame. Nous aimons combiner cela avec de bons vins (naturels), des boissons sp\u00e9ciales sans alcool ou l'une de nos d\u00e9licieuses bi\u00e8res.<br><br>Nous nous r\u00e9jouissons de vous voir \u00e0 BIKKE !<\/p>\t\t\t\t\t\t\t\t<\/div>\n\t\t\t\t<\/div>\n\t\t\t\t<\/div>\n\t\t\t\t<\/div>\n\t\t\t\t\t<\/div>\n\t\t\t\t<\/div>\n\t\t\t\t<\/div>","protected":false},"excerpt":{"rendered":"<p>BIKKE Restobar Over BIKKE Scandinavisch eten? BIKKE! BIKKE is een Scandinavische restobar in de leukste wijk van Maastricht, Wyck. Je vindt ons aan het eind van de Rechtstraat, op de kruising van de Hoogbrugstraat en de Ruiterij. We zijn gevestigd in een prachtig 17e eeuws pand en hebben op 1 april 2022 onze deuren geopend. [&hellip;]<\/p>\n","protected":false},"author":1,"featured_media":0,"parent":0,"menu_order":0,"comment_status":"closed","ping_status":"closed","template":"elementor_header_footer","meta":{"footnotes":""},"class_list":["post-537","page","type-page","status-publish","hentry"],"_links":{"self":[{"href":"https:\/\/bikkemaastricht.nl\/fr\/wp-json\/wp\/v2\/pages\/537","targetHints":{"allow":["GET"]}}],"collection":[{"href":"https:\/\/bikkemaastricht.nl\/fr\/wp-json\/wp\/v2\/pages"}],"about":[{"href":"https:\/\/bikkemaastricht.nl\/fr\/wp-json\/wp\/v2\/types\/page"}],"author":[{"embeddable":true,"href":"https:\/\/bikkemaastricht.nl\/fr\/wp-json\/wp\/v2\/users\/1"}],"replies":[{"embeddable":true,"href":"https:\/\/bikkemaastricht.nl\/fr\/wp-json\/wp\/v2\/comments?post=537"}],"version-history":[{"count":5,"href":"https:\/\/bikkemaastricht.nl\/fr\/wp-json\/wp\/v2\/pages\/537\/revisions"}],"predecessor-version":[{"id":567,"href":"https:\/\/bikkemaastricht.nl\/fr\/wp-json\/wp\/v2\/pages\/537\/revisions\/567"}],"wp:attachment":[{"href":"https:\/\/bikkemaastricht.nl\/fr\/wp-json\/wp\/v2\/media?parent=537"}],"curies":[{"name":"wp","href":"https:\/\/api.w.org\/{rel}","templated":true}]}}