{"id":537,"date":"2022-10-12T08:38:54","date_gmt":"2022-10-12T06:38:54","guid":{"rendered":"https:\/\/bikkemaastricht.nl\/?page_id=537"},"modified":"2022-10-12T09:06:29","modified_gmt":"2022-10-12T07:06:29","slug":"uber-bikke","status":"publish","type":"page","link":"https:\/\/bikkemaastricht.nl\/de\/over-bikke\/","title":{"rendered":"BIKKE"},"content":{"rendered":"<div data-elementor-type=\"wp-page\" data-elementor-id=\"537\" class=\"elementor elementor-537\" data-elementor-post-type=\"page\">\n\t\t\t\t<div class=\"elementor-element elementor-element-e2b4164 e-con-full e-flex e-con e-parent\" data-id=\"e2b4164\" data-element_type=\"container\" data-e-type=\"container\" data-settings=\"{&quot;jet_parallax_layout_list&quot;:[],&quot;background_background&quot;:&quot;classic&quot;}\">\n\t\t\t\t<div class=\"elementor-element elementor-element-5ec878c de_scroll_translateX_distance_100 elementor-invisible elementor-widget elementor-widget-heading\" data-id=\"5ec878c\" data-element_type=\"widget\" data-e-type=\"widget\" data-settings=\"{&quot;_animation&quot;:&quot;fadeInLeft&quot;}\" data-widget_type=\"heading.default\">\n\t\t\t\t<div class=\"elementor-widget-container\">\n\t\t\t\t\t<h1 class=\"elementor-heading-title elementor-size-default\">BIKKE<\/h1>\t\t\t\t<\/div>\n\t\t\t\t<\/div>\n\t\t\t\t<\/div>\n\t\t<div class=\"elementor-element elementor-element-3051cf9 e-flex e-con-boxed e-con e-parent\" data-id=\"3051cf9\" data-element_type=\"container\" data-e-type=\"container\" data-settings=\"{&quot;jet_parallax_layout_list&quot;:[]}\">\n\t\t\t\t\t<div class=\"e-con-inner\">\n\t\t<div class=\"elementor-element elementor-element-62fbf23 e-con-full e-flex e-con e-parent\" data-id=\"62fbf23\" data-element_type=\"container\" data-e-type=\"container\" data-settings=\"{&quot;jet_parallax_layout_list&quot;:[]}\">\n\t\t\t\t<div class=\"elementor-element elementor-element-a1d61de elementor-widget__width-initial de_scroll_animation_no elementor-invisible elementor-widget elementor-widget-heading\" data-id=\"a1d61de\" data-element_type=\"widget\" data-e-type=\"widget\" data-settings=\"{&quot;_animation&quot;:&quot;fadeInUp&quot;}\" data-widget_type=\"heading.default\">\n\t\t\t\t<div class=\"elementor-widget-container\">\n\t\t\t\t\t<h6 class=\"elementor-heading-title elementor-size-default\">Restobar<\/h6>\t\t\t\t<\/div>\n\t\t\t\t<\/div>\n\t\t\t\t<div class=\"elementor-element elementor-element-b7d158e de_scroll_animation_no elementor-invisible elementor-widget elementor-widget-heading\" data-id=\"b7d158e\" data-element_type=\"widget\" data-e-type=\"widget\" data-settings=\"{&quot;_animation&quot;:&quot;fadeInUp&quot;}\" data-widget_type=\"heading.default\">\n\t\t\t\t<div class=\"elementor-widget-container\">\n\t\t\t\t\t<h2 class=\"elementor-heading-title elementor-size-default\">BIKKE<\/h2>\t\t\t\t<\/div>\n\t\t\t\t<\/div>\n\t\t\t\t<div class=\"elementor-element elementor-element-642872e de_scroll_animation_no elementor-invisible elementor-widget elementor-widget-text-editor\" data-id=\"642872e\" data-element_type=\"widget\" data-e-type=\"widget\" data-settings=\"{&quot;_animation&quot;:&quot;fadeInUp&quot;}\" data-widget_type=\"text-editor.default\">\n\t\t\t\t<div class=\"elementor-widget-container\">\n\t\t\t\t\t\t\t\t\t<p class=\"translation-block\">Skandinavisches Essen? BIKKE! BIKKE ist eine skandinavische Restobar in Maastrichts sch\u00f6nstem Viertel, Wyck. Sie finden uns am Ende der Rechtstraat, an der Kreuzung von Hoogbrugstraat und Ruiterij. Wir befinden uns in einem wundersch\u00f6nen Geb\u00e4ude aus dem 17. Jahrhundert und haben am 1. April 2022 unsere T\u00fcren ge\u00f6ffnet.<br><br>Unsere Leidenschaft f\u00fcr skandinavisches Design, Lifestyle und skandinavische K\u00fcche kommen hier zusammen. Inspiriert von kulinarischen und hippen St\u00e4dten wie Stockholm und Kopenhagen, bringen wir ein St\u00fcck Skandinavien nach Maastricht.<\/p>\t\t\t\t\t\t\t\t<\/div>\n\t\t\t\t<\/div>\n\t\t\t\t<div class=\"elementor-element elementor-element-7ddc177 elementor-align-left elementor-mobile-align-left de_scroll_animation_no elementor-invisible elementor-widget elementor-widget-button\" data-id=\"7ddc177\" data-element_type=\"widget\" data-e-type=\"widget\" data-settings=\"{&quot;_animation&quot;:&quot;fadeInUp&quot;}\" data-widget_type=\"button.default\">\n\t\t\t\t<div class=\"elementor-widget-container\">\n\t\t\t\t\t\t\t\t\t<div class=\"elementor-button-wrapper\">\n\t\t\t\t\t<a class=\"elementor-button elementor-button-link elementor-size-sm\" href=\"https:\/\/bikkemaastricht.nl\/de\/menu\/\">\n\t\t\t\t\t\t<span class=\"elementor-button-content-wrapper\">\n\t\t\t\t\t\t\t\t\t<span class=\"elementor-button-text\">Men\u00fc<\/span>\n\t\t\t\t\t<\/span>\n\t\t\t\t\t<\/a>\n\t\t\t\t<\/div>\n\t\t\t\t\t\t\t\t<\/div>\n\t\t\t\t<\/div>\n\t\t\t\t<\/div>\n\t\t<div class=\"elementor-element elementor-element-a44527d e-con-full elementor-hidden-mobile e-flex e-con e-parent\" data-id=\"a44527d\" data-element_type=\"container\" data-e-type=\"container\" data-settings=\"{&quot;jet_parallax_layout_list&quot;:[]}\">\n\t\t\t\t<div class=\"elementor-element elementor-element-49943e5 de_scroll_animation_no elementor-invisible elementor-widget elementor-widget-image\" data-id=\"49943e5\" data-element_type=\"widget\" data-e-type=\"widget\" data-settings=\"{&quot;_animation&quot;:&quot;fadeInUp&quot;}\" data-widget_type=\"image.default\">\n\t\t\t\t<div class=\"elementor-widget-container\">\n\t\t\t\t\t\t\t\t\t\t\t\t\t\t\t<img fetchpriority=\"high\" decoding=\"async\" width=\"1200\" height=\"1567\" src=\"https:\/\/bikkemaastricht.nl\/wp-content\/uploads\/2022\/10\/over-bikke-1.jpg\" class=\"attachment-full size-full wp-image-543\" alt=\"BIKKE, Skandinavisches Restaurant Maastricht\" srcset=\"https:\/\/bikkemaastricht.nl\/wp-content\/uploads\/2022\/10\/over-bikke-1.jpg 1200w, https:\/\/bikkemaastricht.nl\/wp-content\/uploads\/2022\/10\/over-bikke-1-230x300.jpg 230w, https:\/\/bikkemaastricht.nl\/wp-content\/uploads\/2022\/10\/over-bikke-1-784x1024.jpg 784w, https:\/\/bikkemaastricht.nl\/wp-content\/uploads\/2022\/10\/over-bikke-1-768x1003.jpg 768w, https:\/\/bikkemaastricht.nl\/wp-content\/uploads\/2022\/10\/over-bikke-1-1176x1536.jpg 1176w\" sizes=\"(max-width: 1200px) 100vw, 1200px\" \/>\t\t\t\t\t\t\t\t\t\t\t\t\t\t\t<\/div>\n\t\t\t\t<\/div>\n\t\t\t\t<\/div>\n\t\t\t\t\t<\/div>\n\t\t\t\t<\/div>\n\t\t<div class=\"elementor-element elementor-element-dd77e29 e-flex e-con-boxed e-con e-parent\" data-id=\"dd77e29\" data-element_type=\"container\" data-e-type=\"container\" data-settings=\"{&quot;jet_parallax_layout_list&quot;:[]}\">\n\t\t\t\t\t<div class=\"e-con-inner\">\n\t\t<div class=\"elementor-element elementor-element-cc3a102 e-con-full e-flex e-con e-parent\" data-id=\"cc3a102\" data-element_type=\"container\" data-e-type=\"container\" data-settings=\"{&quot;jet_parallax_layout_list&quot;:[]}\">\n\t\t\t\t<div class=\"elementor-element elementor-element-7097530 de_scroll_animation_no elementor-invisible elementor-widget elementor-widget-image\" data-id=\"7097530\" data-element_type=\"widget\" data-e-type=\"widget\" data-settings=\"{&quot;_animation&quot;:&quot;fadeInUp&quot;}\" data-widget_type=\"image.default\">\n\t\t\t\t<div class=\"elementor-widget-container\">\n\t\t\t\t\t\t\t\t\t\t\t\t\t\t\t<img decoding=\"async\" width=\"1200\" height=\"1567\" src=\"https:\/\/bikkemaastricht.nl\/wp-content\/uploads\/2022\/10\/over-bikke-4.jpg\" class=\"attachment-full size-full wp-image-564\" alt=\"BIKKE, Skandinavisches Restaurant Maastricht\" srcset=\"https:\/\/bikkemaastricht.nl\/wp-content\/uploads\/2022\/10\/over-bikke-4.jpg 1200w, https:\/\/bikkemaastricht.nl\/wp-content\/uploads\/2022\/10\/over-bikke-4-230x300.jpg 230w, https:\/\/bikkemaastricht.nl\/wp-content\/uploads\/2022\/10\/over-bikke-4-784x1024.jpg 784w, https:\/\/bikkemaastricht.nl\/wp-content\/uploads\/2022\/10\/over-bikke-4-768x1003.jpg 768w, https:\/\/bikkemaastricht.nl\/wp-content\/uploads\/2022\/10\/over-bikke-4-1176x1536.jpg 1176w\" sizes=\"(max-width: 1200px) 100vw, 1200px\" \/>\t\t\t\t\t\t\t\t\t\t\t\t\t\t\t<\/div>\n\t\t\t\t<\/div>\n\t\t<div class=\"elementor-element elementor-element-4fef320 e-con-full e-flex e-con e-parent\" data-id=\"4fef320\" data-element_type=\"container\" data-e-type=\"container\" data-settings=\"{&quot;jet_parallax_layout_list&quot;:[]}\">\n\t\t\t\t<div class=\"elementor-element elementor-element-10fa305 de_scroll_animation_no elementor-invisible elementor-widget elementor-widget-heading\" data-id=\"10fa305\" data-element_type=\"widget\" data-e-type=\"widget\" data-settings=\"{&quot;_animation&quot;:&quot;fadeInUp&quot;}\" data-widget_type=\"heading.default\">\n\t\t\t\t<div class=\"elementor-widget-container\">\n\t\t\t\t\t<h2 class=\"elementor-heading-title elementor-size-default\">Fr\u00fchst\u00fcck, Mittagessen und Abendessen<\/h2>\t\t\t\t<\/div>\n\t\t\t\t<\/div>\n\t\t\t\t<div class=\"elementor-element elementor-element-b402831 de_scroll_animation_no elementor-invisible elementor-widget elementor-widget-text-editor\" data-id=\"b402831\" data-element_type=\"widget\" data-e-type=\"widget\" data-settings=\"{&quot;_animation&quot;:&quot;fadeInUp&quot;}\" data-widget_type=\"text-editor.default\">\n\t\t\t\t<div class=\"elementor-widget-container\">\n\t\t\t\t\t\t\t\t\t<p class=\"translation-block\">Im BIKKE sind Sie tags\u00fcber zum Fr\u00fchst\u00fcck und Mittagessen willkommen. Wir servieren die leckersten Klassiker aus Skandinavien, z.B. Sm\u00f8rrebr\u00f8d, schwedische Fleischb\u00e4llchen, norwegische Eier oder eine der k\u00f6stlichen Zimtrollen.<br><br>Abends entf\u00fchren wir Sie in die New Nordic Kitchen. Leckere Gerichte mit schmackhaften, frischen und lokalen Zutaten. Wir lassen uns von dem inspirieren, was die Saison uns zu bieten hat. Wir sind st\u00e4ndig auf der Suche nach der Balance zwischen Einfachheit und Raffinesse auf dem Teller. Die Zutaten werden so pur wie m\u00f6glich pr\u00e4sentiert, so dass das Produkt erkennbar bleibt und der Geschmack f\u00fcr sich selbst spricht. Wir kombinieren dies gerne mit feinen (nat\u00fcrlichen) Weinen, speziellen alkoholfreien Getr\u00e4nken oder einem unserer leckeren Biere.<br><br>Wir freuen uns auf Ihren Besuch bei BIKKE!<\/p>\t\t\t\t\t\t\t\t<\/div>\n\t\t\t\t<\/div>\n\t\t\t\t<\/div>\n\t\t\t\t<\/div>\n\t\t\t\t\t<\/div>\n\t\t\t\t<\/div>\n\t\t\t\t<\/div>","protected":false},"excerpt":{"rendered":"<p>BIKKE Restobar Over BIKKE Scandinavisch eten? BIKKE! BIKKE is een Scandinavische restobar in de leukste wijk van Maastricht, Wyck. Je vindt ons aan het eind van de Rechtstraat, op de kruising van de Hoogbrugstraat en de Ruiterij. We zijn gevestigd in een prachtig 17e eeuws pand en hebben op 1 april 2022 onze deuren geopend. [&hellip;]<\/p>\n","protected":false},"author":1,"featured_media":0,"parent":0,"menu_order":0,"comment_status":"closed","ping_status":"closed","template":"elementor_header_footer","meta":{"footnotes":""},"class_list":["post-537","page","type-page","status-publish","hentry"],"_links":{"self":[{"href":"https:\/\/bikkemaastricht.nl\/de\/wp-json\/wp\/v2\/pages\/537","targetHints":{"allow":["GET"]}}],"collection":[{"href":"https:\/\/bikkemaastricht.nl\/de\/wp-json\/wp\/v2\/pages"}],"about":[{"href":"https:\/\/bikkemaastricht.nl\/de\/wp-json\/wp\/v2\/types\/page"}],"author":[{"embeddable":true,"href":"https:\/\/bikkemaastricht.nl\/de\/wp-json\/wp\/v2\/users\/1"}],"replies":[{"embeddable":true,"href":"https:\/\/bikkemaastricht.nl\/de\/wp-json\/wp\/v2\/comments?post=537"}],"version-history":[{"count":5,"href":"https:\/\/bikkemaastricht.nl\/de\/wp-json\/wp\/v2\/pages\/537\/revisions"}],"predecessor-version":[{"id":567,"href":"https:\/\/bikkemaastricht.nl\/de\/wp-json\/wp\/v2\/pages\/537\/revisions\/567"}],"wp:attachment":[{"href":"https:\/\/bikkemaastricht.nl\/de\/wp-json\/wp\/v2\/media?parent=537"}],"curies":[{"name":"wp","href":"https:\/\/api.w.org\/{rel}","templated":true}]}}